{"id":14,"date":"2025-02-20T17:56:24","date_gmt":"2025-02-20T16:56:24","guid":{"rendered":"https:\/\/www.hightechpreise-bayern.de\/?page_id=14"},"modified":"2025-03-19T16:54:59","modified_gmt":"2025-03-19T15:54:59","slug":"impressum","status":"publish","type":"page","link":"https:\/\/www.hightechpreise-bayern.de\/en\/impressum\/","title":{"rendered":"Imprint"},"content":{"rendered":"<div style=\"height:100px\" aria-hidden=\"true\" class=\"wp-block-spacer\"><\/div>\n\n\n\n<div class=\"wp-block-group has-global-padding is-layout-constrained wp-block-group-is-layout-constrained\" style=\"margin-top:0;margin-bottom:0\">\n<h2 class=\"wp-block-heading has-custom-3-font-size\" style=\"margin-top:0;margin-bottom:var(--wp--preset--spacing--60)\">Imprint<\/h2>\n\n\n\n<p>Bayerische Akademie der Wissenschaften<br>Alfons-Goppel-Str. 11 (Residenz)<br>DE-80539 Munich<br>Phone +49 89 23031-0<br>Fax +49 89 23031-1100<br>Email presse@badw.de<\/p>\n\n\n\n<p>http:\/\/www.badw.de<br><br><\/p>\n\n\n\n<p>Additional information pursuant to the Act on the Legal Framework for Electronic Commerce (EGG) in conjunction with Section 5 of the Telemedia Act (TMG):<br><br><\/p>\n\n\n\n<p>The Bavarian Academy of Sciences and Humanities is a public-law corporation. It is legally represented by its President, Prof. Dr. Markus Schwaiger.<br>Competent supervisory authority: Bavarian State Ministry of Science and the Arts, 80333 Munich.<br><br><\/p>\n\n\n\n<p>VAT identification number pursuant to Section 27a of the German VAT Act: DE 811209280<br><br><\/p>\n\n\n\n<p>Responsible under press law: Bianca Marzocca, Secretary General of the Bavarian Academy of Sciences and Humanities<br><br><\/p>\n\n\n\n<p><strong>Rights of Use<\/strong><br>\u00a9 Bayerische Akademie der Wissenschaften<br>Alfons-Goppel-Str. 11<br>80539 Munich<br><br><\/p>\n\n\n\n<p>All rights reserved.<br>All copyrights to this website are held exclusively by the Bavarian Academy of Sciences and Humanities.<br><br><\/p>\n\n\n\n<p>Images may only be used for editorial purposes. Use is free of charge provided the source is cited and two complimentary copies are sent to the Bavarian Academy of Sciences and Humanities in Munich. Graphic alterations\u2014except for cropping the main subject\u2014are not permitted.<br><br><\/p>\n\n\n\n<p>Subject to the restrictions set forth below, you are hereby expressly permitted to copy, print, and distribute these web pages and the documents linked therein, provided they are freely accessible to the public.<br><br><\/p>\n\n\n\n<p>The websites and documents provided here are for informational purposes only.<br>These pages and documents may not be used for commercial purposes.<br>Every copy (including excerpts) must include this copyright notice.<br>Research projects and institutes that maintain their own websites must identify the individuals responsible for their content and technical aspects (imprint).<br><br><\/p>\n\n\n\n<p>All trademarks and brand names mentioned on this website, including those that may be protected by third parties, are subject without restriction to the provisions of applicable trademark law and the ownership rights of their respective registered owners. The mere mention of a trademark on this website does not imply that it is not protected by the rights of third parties.<br><br><\/p>\n\n\n\n<p><strong>Liability Disclaimer<\/strong><br>The Bavarian Academy of Sciences and Humanities has compiled and reviewed all information provided on its website to the best of its knowledge and belief. However, it assumes no liability for the timeliness, accuracy, completeness, or quality of the information provided, nor for its availability at all times. Notwithstanding the provisions of Section 675(2) of the German Civil Code (BGB), the following limitation of liability applies to the information provided:<br><br><\/p>\n\n\n\n<p>The Bavarian Academy of Sciences and Humanities and its staff are not liable for any damages resulting from the use or non-use of the information provided on the Academy\u2019s website.<br><br><\/p>\n\n\n\n<p>Liability is not taken for any damage caused by computer viruses when accessing or downloading data, or by the installation or use of software.<br><br><\/p>\n\n\n\n<p>Web pages bearing the author's name reflect the views and insights of the authors.<br><br><\/p>\n\n\n\n<p>The Bavarian Academy of Sciences and Humanities expressly reserves the right to modify, supplement, or delete individual web pages or the entire website, or to suspend publication temporarily or permanently, without prior notice.<br><br><\/p>\n\n\n\n<p>Although we carefully review the content of our website, we assume no liability for the content of external links. The operators of the linked sites are solely responsible for their content.<\/p>\n<\/div>\n\n\n\n<div style=\"height:300px\" aria-hidden=\"true\" class=\"wp-block-spacer\"><\/div>","protected":false},"excerpt":{"rendered":"<p>Impressum Bayerische Akademie der WissenschaftenAlfons-Goppel-Str. 11 (Residenz)D-80539 M\u00fcnchenTelefon 089 23031-0Telefax 089 23031-1100presse@badw.de http:\/\/www.badw.de Zus\u00e4tzliche Informationen gem. Gesetz \u00fcber rechtliche Rahmenbedingungen f\u00fcr den elektronischen Gesch\u00e4ftsverkehr (EGG) in Verbindung mit \u00a7 5 Telemediengesetz (TMG): Die Bayerische Akademie der Wissenschaften ist eine K\u00f6rperschaft des \u00f6ffentlichen Rechts. Sie wird durch den Pr\u00e4sidenten Prof. Dr. Markus Schwaiger gesetzlich vertreten.Zust\u00e4ndige Aufsichtsbeh\u00f6rde: [&hellip;]<\/p>","protected":false},"author":1,"featured_media":0,"parent":0,"menu_order":0,"comment_status":"closed","ping_status":"closed","template":"","meta":{"footnotes":""},"class_list":["post-14","page","type-page","status-publish","hentry"],"yoast_head":"<!-- This site is optimized with the Yoast SEO plugin v24.7 - https:\/\/yoast.com\/wordpress\/plugins\/seo\/ -->\n<title>Impressum - Hightech-Preise Bayern<\/title>\n<meta name=\"robots\" content=\"index, follow, max-snippet:-1, max-image-preview:large, max-video-preview:-1\" \/>\n<link rel=\"canonical\" href=\"https:\/\/www.hightechpreise-bayern.de\/en\/impressum\/\" \/>\n<meta property=\"og:locale\" content=\"en_US\" \/>\n<meta property=\"og:type\" content=\"article\" \/>\n<meta property=\"og:title\" content=\"Impressum - Hightech-Preise Bayern\" \/>\n<meta property=\"og:description\" content=\"Impressum Bayerische Akademie der WissenschaftenAlfons-Goppel-Str. 11 (Residenz)D-80539 M\u00fcnchenTelefon 089 23031-0Telefax 089 23031-1100presse@badw.de http:\/\/www.badw.de Zus\u00e4tzliche Informationen gem. Gesetz \u00fcber rechtliche Rahmenbedingungen f\u00fcr den elektronischen Gesch\u00e4ftsverkehr (EGG) in Verbindung mit \u00a7 5 Telemediengesetz (TMG): Die Bayerische Akademie der Wissenschaften ist eine K\u00f6rperschaft des \u00f6ffentlichen Rechts. Sie wird durch den Pr\u00e4sidenten Prof. Dr. Markus Schwaiger gesetzlich vertreten.Zust\u00e4ndige Aufsichtsbeh\u00f6rde: [&hellip;]\" \/>\n<meta property=\"og:url\" content=\"https:\/\/www.hightechpreise-bayern.de\/en\/impressum\/\" \/>\n<meta property=\"og:site_name\" content=\"Hightech-Preise Bayern\" \/>\n<meta property=\"article:modified_time\" content=\"2025-03-19T15:54:59+00:00\" \/>\n<meta name=\"twitter:card\" content=\"summary_large_image\" \/>\n<meta name=\"twitter:label1\" content=\"Est. reading time\" \/>\n\t<meta name=\"twitter:data1\" content=\"3 minutes\" \/>\n<script type=\"application\/ld+json\" class=\"yoast-schema-graph\">{\"@context\":\"https:\/\/schema.org\",\"@graph\":[{\"@type\":\"WebPage\",\"@id\":\"https:\/\/www.hightechpreise-bayern.de\/impressum\/\",\"url\":\"https:\/\/www.hightechpreise-bayern.de\/impressum\/\",\"name\":\"Impressum - Hightech-Preise Bayern\",\"isPartOf\":{\"@id\":\"https:\/\/www.hightechpreise-bayern.de\/#website\"},\"datePublished\":\"2025-02-20T16:56:24+00:00\",\"dateModified\":\"2025-03-19T15:54:59+00:00\",\"breadcrumb\":{\"@id\":\"https:\/\/www.hightechpreise-bayern.de\/impressum\/#breadcrumb\"},\"inLanguage\":\"en-US\",\"potentialAction\":[{\"@type\":\"ReadAction\",\"target\":[\"https:\/\/www.hightechpreise-bayern.de\/impressum\/\"]}]},{\"@type\":\"BreadcrumbList\",\"@id\":\"https:\/\/www.hightechpreise-bayern.de\/impressum\/#breadcrumb\",\"itemListElement\":[{\"@type\":\"ListItem\",\"position\":1,\"name\":\"Startseite\",\"item\":\"https:\/\/www.hightechpreise-bayern.de\/\"},{\"@type\":\"ListItem\",\"position\":2,\"name\":\"Impressum\"}]},{\"@type\":\"WebSite\",\"@id\":\"https:\/\/www.hightechpreise-bayern.de\/#website\",\"url\":\"https:\/\/www.hightechpreise-bayern.de\/\",\"name\":\"Hightech-Preise Bayern\",\"description\":\"\",\"potentialAction\":[{\"@type\":\"SearchAction\",\"target\":{\"@type\":\"EntryPoint\",\"urlTemplate\":\"https:\/\/www.hightechpreise-bayern.de\/?s={search_term_string}\"},\"query-input\":{\"@type\":\"PropertyValueSpecification\",\"valueRequired\":true,\"valueName\":\"search_term_string\"}}],\"inLanguage\":\"en-US\"}]}<\/script>\n<!-- \/ Yoast SEO plugin. -->","yoast_head_json":{"title":"Impressum - Hightech-Preise Bayern","robots":{"index":"index","follow":"follow","max-snippet":"max-snippet:-1","max-image-preview":"max-image-preview:large","max-video-preview":"max-video-preview:-1"},"canonical":"https:\/\/www.hightechpreise-bayern.de\/en\/impressum\/","og_locale":"en_US","og_type":"article","og_title":"Impressum - Hightech-Preise Bayern","og_description":"Impressum Bayerische Akademie der WissenschaftenAlfons-Goppel-Str. 11 (Residenz)D-80539 M\u00fcnchenTelefon 089 23031-0Telefax 089 23031-1100presse@badw.de http:\/\/www.badw.de Zus\u00e4tzliche Informationen gem. Gesetz \u00fcber rechtliche Rahmenbedingungen f\u00fcr den elektronischen Gesch\u00e4ftsverkehr (EGG) in Verbindung mit \u00a7 5 Telemediengesetz (TMG): Die Bayerische Akademie der Wissenschaften ist eine K\u00f6rperschaft des \u00f6ffentlichen Rechts. Sie wird durch den Pr\u00e4sidenten Prof. Dr. Markus Schwaiger gesetzlich vertreten.Zust\u00e4ndige Aufsichtsbeh\u00f6rde: [&hellip;]","og_url":"https:\/\/www.hightechpreise-bayern.de\/en\/impressum\/","og_site_name":"Hightech-Preise Bayern","article_modified_time":"2025-03-19T15:54:59+00:00","twitter_card":"summary_large_image","twitter_misc":{"Est. reading time":"3 minutes"},"schema":{"@context":"https:\/\/schema.org","@graph":[{"@type":"WebPage","@id":"https:\/\/www.hightechpreise-bayern.de\/impressum\/","url":"https:\/\/www.hightechpreise-bayern.de\/impressum\/","name":"Impressum - Hightech-Preise Bayern","isPartOf":{"@id":"https:\/\/www.hightechpreise-bayern.de\/#website"},"datePublished":"2025-02-20T16:56:24+00:00","dateModified":"2025-03-19T15:54:59+00:00","breadcrumb":{"@id":"https:\/\/www.hightechpreise-bayern.de\/impressum\/#breadcrumb"},"inLanguage":"en-US","potentialAction":[{"@type":"ReadAction","target":["https:\/\/www.hightechpreise-bayern.de\/impressum\/"]}]},{"@type":"BreadcrumbList","@id":"https:\/\/www.hightechpreise-bayern.de\/impressum\/#breadcrumb","itemListElement":[{"@type":"ListItem","position":1,"name":"Startseite","item":"https:\/\/www.hightechpreise-bayern.de\/"},{"@type":"ListItem","position":2,"name":"Impressum"}]},{"@type":"WebSite","@id":"https:\/\/www.hightechpreise-bayern.de\/#website","url":"https:\/\/www.hightechpreise-bayern.de\/","name":"Hightech-Preise Bayern","description":"","potentialAction":[{"@type":"SearchAction","target":{"@type":"EntryPoint","urlTemplate":"https:\/\/www.hightechpreise-bayern.de\/?s={search_term_string}"},"query-input":{"@type":"PropertyValueSpecification","valueRequired":true,"valueName":"search_term_string"}}],"inLanguage":"en-US"}]}},"_links":{"self":[{"href":"https:\/\/www.hightechpreise-bayern.de\/en\/wp-json\/wp\/v2\/pages\/14","targetHints":{"allow":["GET"]}}],"collection":[{"href":"https:\/\/www.hightechpreise-bayern.de\/en\/wp-json\/wp\/v2\/pages"}],"about":[{"href":"https:\/\/www.hightechpreise-bayern.de\/en\/wp-json\/wp\/v2\/types\/page"}],"author":[{"embeddable":true,"href":"https:\/\/www.hightechpreise-bayern.de\/en\/wp-json\/wp\/v2\/users\/1"}],"replies":[{"embeddable":true,"href":"https:\/\/www.hightechpreise-bayern.de\/en\/wp-json\/wp\/v2\/comments?post=14"}],"version-history":[{"count":7,"href":"https:\/\/www.hightechpreise-bayern.de\/en\/wp-json\/wp\/v2\/pages\/14\/revisions"}],"predecessor-version":[{"id":184,"href":"https:\/\/www.hightechpreise-bayern.de\/en\/wp-json\/wp\/v2\/pages\/14\/revisions\/184"}],"wp:attachment":[{"href":"https:\/\/www.hightechpreise-bayern.de\/en\/wp-json\/wp\/v2\/media?parent=14"}],"curies":[{"name":"wp","href":"https:\/\/api.w.org\/{rel}","templated":true}]}}