{"id":7,"date":"2025-02-20T17:08:07","date_gmt":"2025-02-20T16:08:07","guid":{"rendered":"https:\/\/www.hightechpreise-bayern.de\/?page_id=7"},"modified":"2026-04-07T09:00:24","modified_gmt":"2026-04-07T07:00:24","slug":"home","status":"publish","type":"page","link":"https:\/\/www.hightechpreise-bayern.de\/en\/","title":{"rendered":"Home"},"content":{"rendered":"<div class=\"wp-block-group hero has-custom-gradient-01-gradient-background has-background has-global-padding is-layout-constrained wp-block-group-is-layout-constrained\" style=\"padding-top:128px;padding-bottom:0\">\n<h1 class=\"wp-block-heading has-custom-5-font-size\" style=\"font-style:normal;font-weight:400;line-height:1.1\"><strong>BAVARIAN<br>HIGHTECH<br>AWARDS<\/strong>&nbsp;2025<\/h1>\n<\/div>\n\n\n\n<div class=\"wp-block-group has-global-padding is-content-justification-center is-layout-constrained wp-container-core-group-is-layout-78267832 wp-block-group-is-layout-constrained\">\n<h2 class=\"wp-block-heading has-custom-3-font-size\" style=\"margin-bottom:75px\">Touching Horizons: The Bavarian Hightech Awards 2025<\/h2>\n\n\n\n<p class=\"has-custom-1-font-size\">Explore the future of technology! On April 9th, Bavaria celebrates pioneering research and groundbreaking innovations. The Hightech Award of the Bavarian Minister-President<strong> <\/strong>acknowledges scientific milestones in key technologies of the future. The Pioneer Award of the Bavarian Academy of Sciences and Humanities honours exceptional technological achievements that have a broad impact on society. The Young Talent Award and Graduate Award of the Bavarian State Ministry of Science and the Arts recognises visionary research work that displays high innovation potential as well as outstanding university degrees.<\/p>\n<\/div>\n\n\n\n<div class=\"wp-block-group carousel has-global-padding is-content-justification-center is-layout-constrained wp-block-group-is-layout-constrained\" style=\"margin-top:260px\">\n<h2 class=\"wp-block-heading has-text-align-center has-custom-3-font-size\" style=\"margin-bottom:72px\">Awards<\/h2>\n\n\n\n<figure class=\"wp-block-gallery has-nested-images columns-3 is-cropped carousel-slides wp-block-gallery-1 is-layout-flex wp-block-gallery-is-layout-flex\">\n<figure class=\"wp-block-image size-large carousel-slide active blue-shadow\"><a href=\"https:\/\/www.hightechpreise-bayern.de\/en\/hightech-preis-des-bayerischen-ministerpraesidenten-2025\/\"><img loading=\"lazy\" decoding=\"async\" width=\"1024\" height=\"607\" data-id=\"114\" src=\"https:\/\/www.hightechpreise-bayern.de\/wp-content\/uploads\/2026\/04\/hightech-award-EN-scaled.png\" alt=\"\" class=\"wp-image-114\" srcset=\"https:\/\/www.hightechpreise-bayern.de\/wp-content\/uploads\/2026\/04\/hightech-award-EN-scaled.png 2560w, https:\/\/www.hightechpreise-bayern.de\/wp-content\/uploads\/2026\/04\/hightech-award-EN-300x178.png 300w, https:\/\/www.hightechpreise-bayern.de\/wp-content\/uploads\/2026\/04\/hightech-award-EN-1024x606.png 1024w, https:\/\/www.hightechpreise-bayern.de\/wp-content\/uploads\/2026\/04\/hightech-award-EN-768x455.png 768w, https:\/\/www.hightechpreise-bayern.de\/wp-content\/uploads\/2026\/04\/hightech-award-EN-1536x909.png 1536w, https:\/\/www.hightechpreise-bayern.de\/wp-content\/uploads\/2026\/04\/hightech-award-EN-2048x1213.png 2048w, https:\/\/www.hightechpreise-bayern.de\/wp-content\/uploads\/2026\/04\/hightech-award-EN-18x12.png 18w\" sizes=\"auto, (max-width: 1024px) 100vw, 1024px\" \/><\/a><\/figure>\n\n\n\n<figure class=\"wp-block-image size-large carousel-slide orange-shadow\"><a href=\"https:\/\/www.hightechpreise-bayern.de\/en\/pioneer-award-2025\/\"><img loading=\"lazy\" decoding=\"async\" width=\"1024\" height=\"607\" data-id=\"112\" src=\"https:\/\/www.hightechpreise-bayern.de\/wp-content\/uploads\/2026\/04\/pioneer-award-EN-scaled.png\" alt=\"\" class=\"wp-image-112\" srcset=\"https:\/\/www.hightechpreise-bayern.de\/wp-content\/uploads\/2026\/04\/pioneer-award-EN-scaled.png 2560w, https:\/\/www.hightechpreise-bayern.de\/wp-content\/uploads\/2026\/04\/pioneer-award-EN-300x178.png 300w, https:\/\/www.hightechpreise-bayern.de\/wp-content\/uploads\/2026\/04\/pioneer-award-EN-1024x607.png 1024w, https:\/\/www.hightechpreise-bayern.de\/wp-content\/uploads\/2026\/04\/pioneer-award-EN-768x455.png 768w, https:\/\/www.hightechpreise-bayern.de\/wp-content\/uploads\/2026\/04\/pioneer-award-EN-1536x911.png 1536w, https:\/\/www.hightechpreise-bayern.de\/wp-content\/uploads\/2026\/04\/pioneer-award-EN-2048x1214.png 2048w, https:\/\/www.hightechpreise-bayern.de\/wp-content\/uploads\/2026\/04\/pioneer-award-EN-18x12.png 18w\" sizes=\"auto, (max-width: 1024px) 100vw, 1024px\" \/><\/a><\/figure>\n\n\n\n<figure class=\"wp-block-image size-large carousel-slide pink-shadow\"><a href=\"https:\/\/www.hightechpreise-bayern.de\/en\/nachwuchspreis-2025\/\"><img loading=\"lazy\" decoding=\"async\" width=\"1024\" height=\"607\" data-id=\"113\" src=\"https:\/\/www.hightechpreise-bayern.de\/wp-content\/uploads\/2026\/04\/young-talent-award-EN-scaled.png\" alt=\"\" class=\"wp-image-113\" srcset=\"https:\/\/www.hightechpreise-bayern.de\/wp-content\/uploads\/2026\/04\/young-talent-award-EN-scaled.png 2560w, https:\/\/www.hightechpreise-bayern.de\/wp-content\/uploads\/2026\/04\/young-talent-award-EN-300x178.png 300w, https:\/\/www.hightechpreise-bayern.de\/wp-content\/uploads\/2026\/04\/young-talent-award-EN-1024x607.png 1024w, https:\/\/www.hightechpreise-bayern.de\/wp-content\/uploads\/2026\/04\/young-talent-award-EN-768x455.png 768w, https:\/\/www.hightechpreise-bayern.de\/wp-content\/uploads\/2026\/04\/young-talent-award-EN-1536x911.png 1536w, https:\/\/www.hightechpreise-bayern.de\/wp-content\/uploads\/2026\/04\/young-talent-award-EN-2048x1214.png 2048w, https:\/\/www.hightechpreise-bayern.de\/wp-content\/uploads\/2026\/04\/young-talent-award-EN-18x12.png 18w\" sizes=\"auto, (max-width: 1024px) 100vw, 1024px\" \/><\/a><\/figure>\n\n\n\n<figure class=\"wp-block-image size-large carousel-slide purple-shadow\"><a href=\"https:\/\/www.hightechpreise-bayern.de\/en\/absolventenpreis-2025\/\"><img loading=\"lazy\" decoding=\"async\" width=\"1024\" height=\"607\" data-id=\"115\" src=\"https:\/\/www.hightechpreise-bayern.de\/wp-content\/uploads\/2026\/04\/graduate-award-EN-scaled.png\" alt=\"\" class=\"wp-image-115\" srcset=\"https:\/\/www.hightechpreise-bayern.de\/wp-content\/uploads\/2026\/04\/graduate-award-EN-scaled.png 2560w, https:\/\/www.hightechpreise-bayern.de\/wp-content\/uploads\/2026\/04\/graduate-award-EN-300x178.png 300w, https:\/\/www.hightechpreise-bayern.de\/wp-content\/uploads\/2026\/04\/graduate-award-EN-1024x606.png 1024w, https:\/\/www.hightechpreise-bayern.de\/wp-content\/uploads\/2026\/04\/graduate-award-EN-768x455.png 768w, https:\/\/www.hightechpreise-bayern.de\/wp-content\/uploads\/2026\/04\/graduate-award-EN-1536x909.png 1536w, https:\/\/www.hightechpreise-bayern.de\/wp-content\/uploads\/2026\/04\/graduate-award-EN-2048x1213.png 2048w, https:\/\/www.hightechpreise-bayern.de\/wp-content\/uploads\/2026\/04\/graduate-award-EN-18x12.png 18w\" sizes=\"auto, (max-width: 1024px) 100vw, 1024px\" \/><\/a><\/figure>\n<\/figure>\n\n\n\n<div class=\"wp-block-buttons is-content-justification-center is-layout-flex wp-container-core-buttons-is-layout-8dbdc76c wp-block-buttons-is-layout-flex\">\n<div class=\"wp-block-button carousel-nav-dot active carousel-nav-blue\"><a class=\"wp-block-button__link wp-element-button\">&nbsp;<\/a><\/div>\n\n\n\n<div class=\"wp-block-button carousel-nav-dot carousel-nav-orange\"><a class=\"wp-block-button__link wp-element-button\">&nbsp;<\/a><\/div>\n\n\n\n<div class=\"wp-block-button carousel-nav-dot carousel-nav-pink\"><a class=\"wp-block-button__link wp-element-button\">&nbsp;<\/a><\/div>\n\n\n\n<div class=\"wp-block-button carousel-nav-dot carousel-nav-purple\"><a class=\"wp-block-button__link wp-element-button\">&nbsp;<\/a><\/div>\n<\/div>\n\n\n\n<div class=\"wp-block-group carousel-slide-descriptions is-vertical is-layout-flex wp-container-core-group-is-layout-3a564b88 wp-block-group-is-layout-flex\" style=\"margin-top:82px\">\n<div class=\"wp-block-group has-global-padding is-layout-constrained wp-block-group-is-layout-constrained\">\n<p class=\"responsive-grid-column has-custom-2-font-size wp-container-content-e0be8fe7\" style=\"padding-left:12px\">The <a href=\"https:\/\/www.hightechpreise-bayern.de\/en\/hightech-preis-des-bayerischen-ministerpraesidenten-2025\/\">High-Tech Award of the Bavarian Minister-President<\/a> honours exceptional scientists whose visionary research can change the world \u2013 in the spirit of Bavaria\u2019s High-Tech Agenda. The prize money of 300,000 \u20ac is intended to promote research.<br><br><br><br><\/p>\n<\/div>\n\n\n\n<div class=\"wp-block-group hidden has-global-padding is-layout-constrained wp-block-group-is-layout-constrained\">\n<p class=\"responsive-grid-column has-custom-2-font-size wp-container-content-e0be8fe7 translation-block\" style=\"padding-left:12px\">The <a href=\"https:\/\/www.hightechpreise-bayern.de\/en\/pioneer-award-2025\/\" target=\"_self\">Pioneer Award of the Bavarian Academy of Sciences and Humanities<\/a> honors researchers for their outstanding technological achievements that have a broad impact on society. The award is endowed with 300,000 \u20ac and aims to encourage the transfer of ground breaking research into practical application.<br><br><br><\/p>\n<\/div>\n\n\n\n<div class=\"wp-block-group hidden has-global-padding is-layout-constrained wp-block-group-is-layout-constrained\">\n<p class=\"responsive-grid-column has-custom-2-font-size wp-container-content-e0be8fe7 translation-block\" style=\"padding-left:12px\">The <a href=\"https:\/\/www.hightechpreise-bayern.de\/en\/nachwuchspreis-2025\/\" target=\"_self\">Young Talent Award<\/a> honors researchers in Bavaria for innovative achievements that display high application potential. The award promotes young talent in the fields of AI, IT, medicine, mobility, energy and more \u2013 for future-oriented solutions that benefit both the economy and society.<br><br><br><br><\/p>\n<\/div>\n\n\n\n<div class=\"wp-block-group hidden has-global-padding is-layout-constrained wp-block-group-is-layout-constrained\">\n<p class=\"responsive-grid-column has-custom-2-font-size wp-container-content-e0be8fe7 translation-block\" style=\"padding-left:12px\">Every year, the Bavarian Ministry of Science and the Arts presents <a href=\"https:\/\/www.hightechpreise-bayern.de\/en\/absolventenpreis-2025\/\" target=\"_self\">five awards for outstanding university degrees<\/a> and dissertations in engineering disciplines, with the aim of promoting exceptional young talent from Bavaria.<br><br><br><br><br><\/p>\n<\/div>\n<\/div>\n<\/div>\n\n\n\n<div class=\"wp-block-group has-background has-global-padding is-layout-constrained wp-block-group-is-layout-constrained\" style=\"border-radius:0px;background:linear-gradient(0deg,rgb(28,47,86) 0%,rgb(152,137,223) 61%,rgb(255,255,255) 77%,rgb(63,148,250) 89%,rgb(28,47,86) 100%);min-height:450px;margin-top:164px;padding-top:0;padding-bottom:0\"><\/div>","protected":false},"excerpt":{"rendered":"<p>HIGHTECHPREISEBAYERN&nbsp;2025 Touching Horizons: Die Bayerischen Hightech-Preise 2025 Erleben Sie die Zukunft der Technik! Am 9. April feiert Bayern wegweisende Forschung und bahnbrechende Innovationen. Der Hightech-Preis des Bayerischen Ministerpr\u00e4sidenten w\u00fcrdigt wissenschaftliche Meilensteine in den Schl\u00fcsseltechnologien der Zukunft. Der Pioneer Award der Bayerischen Akademie der Wissenschaften ehrt technologische Spitzenleistungen mit gesellschaftlicher Wirkung. Der Nachwuchs- sowie der Absolventenpreis [&hellip;]<\/p>","protected":false},"author":1,"featured_media":0,"parent":0,"menu_order":0,"comment_status":"closed","ping_status":"closed","template":"","meta":{"footnotes":""},"class_list":["post-7","page","type-page","status-publish","hentry"],"yoast_head":"<!-- This site is optimized with the Yoast SEO plugin v24.7 - https:\/\/yoast.com\/wordpress\/plugins\/seo\/ -->\n<title>Home - Hightech-Preise Bayern<\/title>\n<meta name=\"robots\" content=\"index, follow, max-snippet:-1, max-image-preview:large, max-video-preview:-1\" \/>\n<link rel=\"canonical\" href=\"https:\/\/www.hightechpreise-bayern.de\/en\/\" \/>\n<meta property=\"og:locale\" content=\"en_US\" \/>\n<meta property=\"og:type\" content=\"article\" \/>\n<meta property=\"og:title\" content=\"Home - Hightech-Preise Bayern\" \/>\n<meta property=\"og:description\" content=\"HIGHTECHPREISEBAYERN&nbsp;2025 Touching Horizons: Die Bayerischen Hightech-Preise 2025 Erleben Sie die Zukunft der Technik! Am 9. April feiert Bayern wegweisende Forschung und bahnbrechende Innovationen. Der Hightech-Preis des Bayerischen Ministerpr\u00e4sidenten w\u00fcrdigt wissenschaftliche Meilensteine in den Schl\u00fcsseltechnologien der Zukunft. Der Pioneer Award der Bayerischen Akademie der Wissenschaften ehrt technologische Spitzenleistungen mit gesellschaftlicher Wirkung. Der Nachwuchs- sowie der Absolventenpreis [&hellip;]\" \/>\n<meta property=\"og:url\" content=\"https:\/\/www.hightechpreise-bayern.de\/en\/\" \/>\n<meta property=\"og:site_name\" content=\"Hightech-Preise Bayern\" \/>\n<meta property=\"article:modified_time\" content=\"2026-04-07T07:00:24+00:00\" \/>\n<meta property=\"og:image\" content=\"https:\/\/www.hightechpreise-bayern.de\/wp-content\/uploads\/2025\/03\/250318-BAY-A-Keyvisual-Hightech-Preis-1600x948px.jpg\" \/>\n\t<meta property=\"og:image:width\" content=\"1600\" \/>\n\t<meta property=\"og:image:height\" content=\"948\" \/>\n\t<meta property=\"og:image:type\" content=\"image\/jpeg\" \/>\n<meta name=\"twitter:card\" content=\"summary_large_image\" \/>\n<meta name=\"twitter:label1\" content=\"Est. reading time\" \/>\n\t<meta name=\"twitter:data1\" content=\"2 minutes\" \/>\n<script type=\"application\/ld+json\" class=\"yoast-schema-graph\">{\"@context\":\"https:\/\/schema.org\",\"@graph\":[{\"@type\":\"WebPage\",\"@id\":\"https:\/\/www.hightechpreise-bayern.de\/\",\"url\":\"https:\/\/www.hightechpreise-bayern.de\/\",\"name\":\"Home - Hightech-Preise Bayern\",\"isPartOf\":{\"@id\":\"https:\/\/www.hightechpreise-bayern.de\/#website\"},\"primaryImageOfPage\":{\"@id\":\"https:\/\/www.hightechpreise-bayern.de\/#primaryimage\"},\"image\":{\"@id\":\"https:\/\/www.hightechpreise-bayern.de\/#primaryimage\"},\"thumbnailUrl\":\"https:\/\/www.hightechpreise-bayern.de\/wp-content\/uploads\/2025\/03\/250318-BAY-A-Keyvisual-Hightech-Preis-1600x948px-1024x607.jpg\",\"datePublished\":\"2025-02-20T16:08:07+00:00\",\"dateModified\":\"2026-04-07T07:00:24+00:00\",\"breadcrumb\":{\"@id\":\"https:\/\/www.hightechpreise-bayern.de\/#breadcrumb\"},\"inLanguage\":\"en-US\",\"potentialAction\":[{\"@type\":\"ReadAction\",\"target\":[\"https:\/\/www.hightechpreise-bayern.de\/\"]}]},{\"@type\":\"ImageObject\",\"inLanguage\":\"en-US\",\"@id\":\"https:\/\/www.hightechpreise-bayern.de\/#primaryimage\",\"url\":\"https:\/\/www.hightechpreise-bayern.de\/wp-content\/uploads\/2025\/03\/250318-BAY-A-Keyvisual-Hightech-Preis-1600x948px-1024x607.jpg\",\"contentUrl\":\"https:\/\/www.hightechpreise-bayern.de\/wp-content\/uploads\/2025\/03\/250318-BAY-A-Keyvisual-Hightech-Preis-1600x948px-1024x607.jpg\"},{\"@type\":\"BreadcrumbList\",\"@id\":\"https:\/\/www.hightechpreise-bayern.de\/#breadcrumb\",\"itemListElement\":[{\"@type\":\"ListItem\",\"position\":1,\"name\":\"Startseite\",\"item\":\"https:\/\/www.hightechpreise-bayern.de\/\"},{\"@type\":\"ListItem\",\"position\":2,\"name\":\"Home\"}]},{\"@type\":\"WebSite\",\"@id\":\"https:\/\/www.hightechpreise-bayern.de\/#website\",\"url\":\"https:\/\/www.hightechpreise-bayern.de\/\",\"name\":\"Hightech-Preise Bayern\",\"description\":\"\",\"potentialAction\":[{\"@type\":\"SearchAction\",\"target\":{\"@type\":\"EntryPoint\",\"urlTemplate\":\"https:\/\/www.hightechpreise-bayern.de\/?s={search_term_string}\"},\"query-input\":{\"@type\":\"PropertyValueSpecification\",\"valueRequired\":true,\"valueName\":\"search_term_string\"}}],\"inLanguage\":\"en-US\"}]}<\/script>\n<!-- \/ Yoast SEO plugin. -->","yoast_head_json":{"title":"Home - Hightech-Preise Bayern","robots":{"index":"index","follow":"follow","max-snippet":"max-snippet:-1","max-image-preview":"max-image-preview:large","max-video-preview":"max-video-preview:-1"},"canonical":"https:\/\/www.hightechpreise-bayern.de\/en\/","og_locale":"en_US","og_type":"article","og_title":"Home - Hightech-Preise Bayern","og_description":"HIGHTECHPREISEBAYERN&nbsp;2025 Touching Horizons: Die Bayerischen Hightech-Preise 2025 Erleben Sie die Zukunft der Technik! Am 9. April feiert Bayern wegweisende Forschung und bahnbrechende Innovationen. Der Hightech-Preis des Bayerischen Ministerpr\u00e4sidenten w\u00fcrdigt wissenschaftliche Meilensteine in den Schl\u00fcsseltechnologien der Zukunft. Der Pioneer Award der Bayerischen Akademie der Wissenschaften ehrt technologische Spitzenleistungen mit gesellschaftlicher Wirkung. Der Nachwuchs- sowie der Absolventenpreis [&hellip;]","og_url":"https:\/\/www.hightechpreise-bayern.de\/en\/","og_site_name":"Hightech-Preise Bayern","article_modified_time":"2026-04-07T07:00:24+00:00","og_image":[{"width":1600,"height":948,"url":"https:\/\/www.hightechpreise-bayern.de\/wp-content\/uploads\/2025\/03\/250318-BAY-A-Keyvisual-Hightech-Preis-1600x948px.jpg","type":"image\/jpeg"}],"twitter_card":"summary_large_image","twitter_misc":{"Est. reading time":"2 minutes"},"schema":{"@context":"https:\/\/schema.org","@graph":[{"@type":"WebPage","@id":"https:\/\/www.hightechpreise-bayern.de\/","url":"https:\/\/www.hightechpreise-bayern.de\/","name":"Home - Hightech-Preise Bayern","isPartOf":{"@id":"https:\/\/www.hightechpreise-bayern.de\/#website"},"primaryImageOfPage":{"@id":"https:\/\/www.hightechpreise-bayern.de\/#primaryimage"},"image":{"@id":"https:\/\/www.hightechpreise-bayern.de\/#primaryimage"},"thumbnailUrl":"https:\/\/www.hightechpreise-bayern.de\/wp-content\/uploads\/2025\/03\/250318-BAY-A-Keyvisual-Hightech-Preis-1600x948px-1024x607.jpg","datePublished":"2025-02-20T16:08:07+00:00","dateModified":"2026-04-07T07:00:24+00:00","breadcrumb":{"@id":"https:\/\/www.hightechpreise-bayern.de\/#breadcrumb"},"inLanguage":"en-US","potentialAction":[{"@type":"ReadAction","target":["https:\/\/www.hightechpreise-bayern.de\/"]}]},{"@type":"ImageObject","inLanguage":"en-US","@id":"https:\/\/www.hightechpreise-bayern.de\/#primaryimage","url":"https:\/\/www.hightechpreise-bayern.de\/wp-content\/uploads\/2025\/03\/250318-BAY-A-Keyvisual-Hightech-Preis-1600x948px-1024x607.jpg","contentUrl":"https:\/\/www.hightechpreise-bayern.de\/wp-content\/uploads\/2025\/03\/250318-BAY-A-Keyvisual-Hightech-Preis-1600x948px-1024x607.jpg"},{"@type":"BreadcrumbList","@id":"https:\/\/www.hightechpreise-bayern.de\/#breadcrumb","itemListElement":[{"@type":"ListItem","position":1,"name":"Startseite","item":"https:\/\/www.hightechpreise-bayern.de\/"},{"@type":"ListItem","position":2,"name":"Home"}]},{"@type":"WebSite","@id":"https:\/\/www.hightechpreise-bayern.de\/#website","url":"https:\/\/www.hightechpreise-bayern.de\/","name":"Hightech-Preise Bayern","description":"","potentialAction":[{"@type":"SearchAction","target":{"@type":"EntryPoint","urlTemplate":"https:\/\/www.hightechpreise-bayern.de\/?s={search_term_string}"},"query-input":{"@type":"PropertyValueSpecification","valueRequired":true,"valueName":"search_term_string"}}],"inLanguage":"en-US"}]}},"_links":{"self":[{"href":"https:\/\/www.hightechpreise-bayern.de\/en\/wp-json\/wp\/v2\/pages\/7","targetHints":{"allow":["GET"]}}],"collection":[{"href":"https:\/\/www.hightechpreise-bayern.de\/en\/wp-json\/wp\/v2\/pages"}],"about":[{"href":"https:\/\/www.hightechpreise-bayern.de\/en\/wp-json\/wp\/v2\/types\/page"}],"author":[{"embeddable":true,"href":"https:\/\/www.hightechpreise-bayern.de\/en\/wp-json\/wp\/v2\/users\/1"}],"replies":[{"embeddable":true,"href":"https:\/\/www.hightechpreise-bayern.de\/en\/wp-json\/wp\/v2\/comments?post=7"}],"version-history":[{"count":63,"href":"https:\/\/www.hightechpreise-bayern.de\/en\/wp-json\/wp\/v2\/pages\/7\/revisions"}],"predecessor-version":[{"id":507,"href":"https:\/\/www.hightechpreise-bayern.de\/en\/wp-json\/wp\/v2\/pages\/7\/revisions\/507"}],"wp:attachment":[{"href":"https:\/\/www.hightechpreise-bayern.de\/en\/wp-json\/wp\/v2\/media?parent=7"}],"curies":[{"name":"wp","href":"https:\/\/api.w.org\/{rel}","templated":true}]}}